{"id":2473,"date":"2021-11-30T00:02:16","date_gmt":"2021-11-29T21:02:16","guid":{"rendered":"http:\/\/www.cynoks.com.tr\/?page_id=2473"},"modified":"2021-11-30T00:23:14","modified_gmt":"2021-11-29T21:23:14","slug":"eposta-icin-argon","status":"publish","type":"page","link":"http:\/\/www.cynoks.com.tr\/en\/cozum-ortaklarimiz\/clearswift\/eposta-icin-argon\/","title":{"rendered":"E-posta i\u00e7in ARgon"},"content":{"rendered":"<div data-elementor-type=\"wp-page\" data-elementor-id=\"2473\" class=\"elementor elementor-2473\">\n\t\t\t\t\t\t\t\t\t<section class=\"elementor-section elementor-top-section elementor-element elementor-element-3ee34597 elementor-section-height-min-height elementor-section-content-middle elementor-section-boxed elementor-section-height-default elementor-section-items-middle\" data-id=\"3ee34597\" data-element_type=\"section\" data-settings=\"{&quot;background_background&quot;:&quot;classic&quot;}\">\n\t\t\t\t\t\t\t<div class=\"elementor-background-overlay\"><\/div>\n\t\t\t\t\t\t\t<div class=\"elementor-container elementor-column-gap-no\">\n\t\t\t\t\t<div class=\"elementor-column elementor-col-100 elementor-top-column elementor-element elementor-element-2750ccb9\" data-id=\"2750ccb9\" data-element_type=\"column\">\n\t\t\t<div class=\"elementor-widget-wrap elementor-element-populated\">\n\t\t\t\t\t\t\t\t<div class=\"elementor-element elementor-element-a0a6170 elementor-invisible elementor-widget elementor-widget-image\" data-id=\"a0a6170\" data-element_type=\"widget\" data-settings=\"{&quot;_animation&quot;:&quot;fadeInDown&quot;}\" data-widget_type=\"image.default\">\n\t\t\t\t<div class=\"elementor-widget-container\">\n\t\t\t\t\t\t\t\t\t\t\t\t\t\t\t<img decoding=\"async\" width=\"300\" height=\"105\" src=\"http:\/\/www.cynoks.com.tr\/wp-content\/uploads\/2021\/08\/hs-clearswift-300x105.png\" class=\"attachment-medium size-medium\" alt=\"\" loading=\"lazy\" srcset=\"http:\/\/www.cynoks.com.tr\/wp-content\/uploads\/2021\/08\/hs-clearswift-300x105.png 300w, http:\/\/www.cynoks.com.tr\/wp-content\/uploads\/2021\/08\/hs-clearswift.png 436w\" sizes=\"(max-width: 300px) 100vw, 300px\" \/>\t\t\t\t\t\t\t\t\t\t\t\t\t\t\t<\/div>\n\t\t\t\t<\/div>\n\t\t\t\t\t<\/div>\n\t\t<\/div>\n\t\t\t\t\t\t\t<\/div>\n\t\t<\/section>\n\t\t\t\t<section class=\"elementor-section elementor-top-section elementor-element elementor-element-4ce8685d elementor-section-boxed elementor-section-height-default elementor-section-height-default\" data-id=\"4ce8685d\" data-element_type=\"section\">\n\t\t\t\t\t\t<div class=\"elementor-container elementor-column-gap-default\">\n\t\t\t\t\t<div class=\"elementor-column elementor-col-100 elementor-top-column elementor-element elementor-element-554cabbb\" data-id=\"554cabbb\" data-element_type=\"column\">\n\t\t\t<div class=\"elementor-widget-wrap elementor-element-populated\">\n\t\t\t\t\t\t\t\t<div class=\"elementor-element elementor-element-4182efc elementor-widget elementor-widget-heading\" data-id=\"4182efc\" data-element_type=\"widget\" data-widget_type=\"heading.default\">\n\t\t\t\t<div class=\"elementor-widget-container\">\n\t\t\t<h1 class=\"elementor-heading-title elementor-size-default\">E-posta i\u00e7in ARgon<\/h1>\t\t<\/div>\n\t\t\t\t<\/div>\n\t\t\t\t<div class=\"elementor-element elementor-element-87ed5a4 elementor-widget elementor-widget-heading\" data-id=\"87ed5a4\" data-element_type=\"widget\" data-widget_type=\"heading.default\">\n\t\t\t\t<div class=\"elementor-widget-container\">\n\t\t\t<h2 class=\"elementor-heading-title elementor-size-default\">Mevcut a\u011f ge\u00e7itleri i\u00e7in veri kayb\u0131n\u0131 \u00f6nleme \u00f6zellikleri sa\u011flayan uyarlanabilir g\u00fcvenlik eklentisi<\/h2>\t\t<\/div>\n\t\t\t\t<\/div>\n\t\t\t\t<section class=\"elementor-section elementor-inner-section elementor-element elementor-element-1fdd918 elementor-section-boxed elementor-section-height-default elementor-section-height-default\" data-id=\"1fdd918\" data-element_type=\"section\">\n\t\t\t\t\t\t<div class=\"elementor-container elementor-column-gap-default\">\n\t\t\t\t\t<div class=\"elementor-column elementor-col-50 elementor-inner-column elementor-element elementor-element-0e790f0\" data-id=\"0e790f0\" data-element_type=\"column\">\n\t\t\t<div class=\"elementor-widget-wrap elementor-element-populated\">\n\t\t\t\t\t\t\t\t<div class=\"elementor-element elementor-element-cc51c38 elementor-widget elementor-widget-text-editor\" data-id=\"cc51c38\" data-element_type=\"widget\" data-widget_type=\"text-editor.default\">\n\t\t\t\t<div class=\"elementor-widget-container\">\n\t\t\t\t\t\t\t<p>Clearswift&#8217;in E-posta i\u00e7in ARgon&#8217;u, geli\u015fmi\u015f veri kayb\u0131 \u00f6nleme (DLP) i\u015flevselli\u011fini mevcut g\u00fcvenlik altyap\u0131n\u0131za h\u0131zl\u0131 ve etkili bir \u015fekilde entegre eden bir \u00e7\u00f6z\u00fcmd\u00fcr. ARgon, \u00f6z\u00fcnde hem gelen hem de giden e-postalardan kaynaklanan bir dizi bilgi tehdidine kar\u015f\u0131 etkin koruma sa\u011flar.<\/p><p>ARgon for Email&#8217;deki otomatik temizleme ve redaksiyon \u00f6zellikleri, yaln\u0131zca olas\u0131 veri ihlallerine neden olabilecek \u00f6\u011feleri ortadan kald\u0131rarak g\u00fcvenli ileti\u015fimin engellenmeden devam etmesine olanak tan\u0131r. Bu, tipik olarak durdurma ve engelleme DLP \u00e7\u00f6z\u00fcmleriyle ili\u015fkili yanl\u0131\u015f pozitiflerin say\u0131s\u0131n\u0131 \u00f6nemli \u00f6l\u00e7\u00fcde azalt\u0131r ve BT \u00fczerindeki y\u00fck\u00fc azalt\u0131r.<\/p><p>E-posta i\u00e7in ARgon kurulu\u015flara, e-posta yoluyla payla\u015f\u0131lan kritik bilgilerin g\u00fcvenli ve korumal\u0131 oldu\u011fu konusunda g\u00f6r\u00fcn\u00fcrl\u00fck ve g\u00f6n\u00fcl rahatl\u0131\u011f\u0131 sa\u011flar ve bu bilgilerin end\u00fcstri d\u00fczenlemeleriyle uyumlu olmas\u0131n\u0131 sa\u011flar.<\/p>\t\t\t\t\t\t<\/div>\n\t\t\t\t<\/div>\n\t\t\t\t\t<\/div>\n\t\t<\/div>\n\t\t\t\t<div class=\"elementor-column elementor-col-50 elementor-inner-column elementor-element elementor-element-2384cc7\" data-id=\"2384cc7\" data-element_type=\"column\">\n\t\t\t<div class=\"elementor-widget-wrap elementor-element-populated\">\n\t\t\t\t\t\t\t\t<div class=\"elementor-element elementor-element-5eaebd2 elementor-widget elementor-widget-image\" data-id=\"5eaebd2\" data-element_type=\"widget\" data-widget_type=\"image.default\">\n\t\t\t\t<div class=\"elementor-widget-container\">\n\t\t\t\t\t\t\t\t\t\t\t\t\t\t\t<img decoding=\"async\" width=\"791\" height=\"584\" src=\"http:\/\/www.cynoks.com.tr\/wp-content\/uploads\/2021\/11\/csw-argon-banner.png\" class=\"attachment-large size-large\" alt=\"\" loading=\"lazy\" srcset=\"http:\/\/www.cynoks.com.tr\/wp-content\/uploads\/2021\/11\/csw-argon-banner.png 791w, http:\/\/www.cynoks.com.tr\/wp-content\/uploads\/2021\/11\/csw-argon-banner-300x221.png 300w, http:\/\/www.cynoks.com.tr\/wp-content\/uploads\/2021\/11\/csw-argon-banner-768x567.png 768w, http:\/\/www.cynoks.com.tr\/wp-content\/uploads\/2021\/11\/csw-argon-banner-16x12.png 16w\" sizes=\"(max-width: 791px) 100vw, 791px\" \/>\t\t\t\t\t\t\t\t\t\t\t\t\t\t\t<\/div>\n\t\t\t\t<\/div>\n\t\t\t\t\t<\/div>\n\t\t<\/div>\n\t\t\t\t\t\t\t<\/div>\n\t\t<\/section>\n\t\t\t\t<div class=\"elementor-element elementor-element-27483a9 elementor-widget elementor-widget-heading\" data-id=\"27483a9\" data-element_type=\"widget\" data-widget_type=\"heading.default\">\n\t\t\t\t<div class=\"elementor-widget-container\">\n\t\t\t<h2 class=\"elementor-heading-title elementor-size-default\">E-posta i\u00e7in ARgon'un Temel Faydalar\u0131<\/h2>\t\t<\/div>\n\t\t\t\t<\/div>\n\t\t\t\t<div class=\"elementor-element elementor-element-de3fa19 elementor-tabs-view-vertical elementor-widget elementor-widget-tabs\" data-id=\"de3fa19\" data-element_type=\"widget\" data-widget_type=\"tabs.default\">\n\t\t\t\t<div class=\"elementor-widget-container\">\n\t\t\t\t\t<div class=\"elementor-tabs\">\n\t\t\t<div class=\"elementor-tabs-wrapper\" role=\"tablist\" >\n\t\t\t\t\t\t\t\t\t<div id=\"elementor-tab-title-2331\" class=\"elementor-tab-title elementor-tab-desktop-title\" aria-selected=\"true\" data-tab=\"1\" role=\"tab\" tabindex=\"0\" aria-controls=\"elementor-tab-content-2331\" aria-expanded=\"false\">H\u0131zl\u0131, esnek da\u011f\u0131t\u0131m<\/div>\n\t\t\t\t\t\t\t\t\t<div id=\"elementor-tab-title-2332\" class=\"elementor-tab-title elementor-tab-desktop-title\" aria-selected=\"false\" data-tab=\"2\" role=\"tab\" tabindex=\"-1\" aria-controls=\"elementor-tab-content-2332\" aria-expanded=\"false\">Mevcut g\u00fcvenlik yaz\u0131l\u0131m\u0131 ile sorunsuz entegrasyon<\/div>\n\t\t\t\t\t\t\t\t\t<div id=\"elementor-tab-title-2333\" class=\"elementor-tab-title elementor-tab-desktop-title\" aria-selected=\"false\" data-tab=\"3\" role=\"tab\" tabindex=\"-1\" aria-controls=\"elementor-tab-content-2333\" aria-expanded=\"false\"> \u0130leti\u015fimin serbest ak\u0131\u015f\u0131n\u0131 sa\u011flay\u0131n<\/div>\n\t\t\t\t\t\t\t\t\t<div id=\"elementor-tab-title-2334\" class=\"elementor-tab-title elementor-tab-desktop-title\" aria-selected=\"false\" data-tab=\"4\" role=\"tab\" tabindex=\"-1\" aria-controls=\"elementor-tab-content-2334\" aria-expanded=\"false\">\u00c7al\u0131\u015fma ortam\u0131n\u0131n kesintiye u\u011framas\u0131n\u0131 \u00f6nleyin<\/div>\n\t\t\t\t\t\t\t\t\t<div id=\"elementor-tab-title-2335\" class=\"elementor-tab-title elementor-tab-desktop-title\" aria-selected=\"false\" data-tab=\"5\" role=\"tab\" tabindex=\"-1\" aria-controls=\"elementor-tab-content-2335\" aria-expanded=\"false\">S\u0131ras\u0131yla birden \u00e7ok i\u00e7erik t\u00fcr\u00fcn\u00fc inceleyin<\/div>\n\t\t\t\t\t\t\t\t\t<div id=\"elementor-tab-title-2336\" class=\"elementor-tab-title elementor-tab-desktop-title\" aria-selected=\"false\" data-tab=\"6\" role=\"tab\" tabindex=\"-1\" aria-controls=\"elementor-tab-content-2336\" aria-expanded=\"false\">En b\u00fcy\u00fck kurulu\u015flar i\u00e7in bile koruma<\/div>\n\t\t\t\t\t\t\t<\/div>\n\t\t\t<div class=\"elementor-tabs-content-wrapper\" role=\"tablist\" aria-orientation=\"vertical\">\n\t\t\t\t\t\t\t\t\t<div class=\"elementor-tab-title elementor-tab-mobile-title\" aria-selected=\"true\" data-tab=\"1\" role=\"tab\" tabindex=\"0\" aria-controls=\"elementor-tab-content-2331\" aria-expanded=\"false\">H\u0131zl\u0131, esnek da\u011f\u0131t\u0131m<\/div>\n\t\t\t\t\t<div id=\"elementor-tab-content-2331\" class=\"elementor-tab-content elementor-clearfix\" data-tab=\"1\" role=\"tabpanel\" aria-labelledby=\"elementor-tab-title-2331\" tabindex=\"0\" hidden=\"false\"><p>Yaz\u0131l\u0131m, sanal cihaz veya fiziksel cihaz olarak sunulan ARgon, haftalarca m\u00fcdahaleci hizmet uygulamas\u0131na gerek kalmadan dakikalar i\u00e7inde devreye al\u0131n\u0131r.<\/p><p>5 ad\u0131ml\u0131 basit bir kurulum sihirbaz\u0131, varsay\u0131lan ilkeleri kullanarak dakikalar i\u00e7inde kurman\u0131za ve yap\u0131land\u0131rman\u0131za olanak tan\u0131r. Sekt\u00f6r lideri sat\u0131n alma kolayl\u0131\u011f\u0131, uygulama ve y\u00f6netim deste\u011fi, minimum toplam sahip olma maliyeti sa\u011flar. \u015eirketinizin IP&#8217;si korunur ve kurulu\u015funuz mevzuata h\u0131zla uyum sa\u011flayabilir.<\/p><\/div>\n\t\t\t\t\t\t\t\t\t<div class=\"elementor-tab-title elementor-tab-mobile-title\" aria-selected=\"false\" data-tab=\"2\" role=\"tab\" tabindex=\"-1\" aria-controls=\"elementor-tab-content-2332\" aria-expanded=\"false\">Mevcut g\u00fcvenlik yaz\u0131l\u0131m\u0131 ile sorunsuz entegrasyon<\/div>\n\t\t\t\t\t<div id=\"elementor-tab-content-2332\" class=\"elementor-tab-content elementor-clearfix\" data-tab=\"2\" role=\"tabpanel\" aria-labelledby=\"elementor-tab-title-2332\" tabindex=\"0\" hidden=\"hidden\">SMTP mesajlar\u0131na dayanan ARgon, hijyen hizmetinden ba\u011f\u0131ms\u0131zd\u0131r ve Cisco, Symantec, Sophos, Microsoft ve di\u011fer bir\u00e7ok \u00fcr\u00fcnle sorunsuz bir \u015fekilde \u00e7al\u0131\u015f\u0131r. DLP&#8217;yi kopyalamaya ve de\u011fi\u015ftirmeye gerek kalmadan mevcut altyap\u0131n\u0131za getirme avantaj\u0131yla.<\/div>\n\t\t\t\t\t\t\t\t\t<div class=\"elementor-tab-title elementor-tab-mobile-title\" aria-selected=\"false\" data-tab=\"3\" role=\"tab\" tabindex=\"-1\" aria-controls=\"elementor-tab-content-2333\" aria-expanded=\"false\"> \u0130leti\u015fimin serbest ak\u0131\u015f\u0131n\u0131 sa\u011flay\u0131n<\/div>\n\t\t\t\t\t<div id=\"elementor-tab-content-2333\" class=\"elementor-tab-content elementor-clearfix\" data-tab=\"3\" role=\"tabpanel\" aria-labelledby=\"elementor-tab-title-2333\" tabindex=\"0\" hidden=\"hidden\">Clearswift&#8217;in benzersiz uyarlanabilir redaksiyon teknolojisi, i\u00e7eri\u011fi ger\u00e7ek zamanl\u0131 olarak de\u011fi\u015ftirerek e-posta ileti\u015fimini ve ekleri kurulu\u015funuzun g\u00fcvenlik politikalar\u0131na g\u00f6re g\u00fcvenli hale getirir. Meta-veri, revizyon ge\u00e7mi\u015fi, \u00f6zellikler ve di\u011fer gizli ve kontrol edilmemi\u015f bilgiler gibi unutulan i\u00e7erikler, ileti\u015fim ak\u0131\u015f\u0131n\u0131 kesintiye u\u011fratmadan hassas bilgilerinizin a\u00e7\u0131\u011fa \u00e7\u0131kmas\u0131n\u0131 \u00f6nlemek i\u00e7in engellenebilir veya kald\u0131r\u0131labilir.<\/div>\n\t\t\t\t\t\t\t\t\t<div class=\"elementor-tab-title elementor-tab-mobile-title\" aria-selected=\"false\" data-tab=\"4\" role=\"tab\" tabindex=\"-1\" aria-controls=\"elementor-tab-content-2334\" aria-expanded=\"false\">\u00c7al\u0131\u015fma ortam\u0131n\u0131n kesintiye u\u011framas\u0131n\u0131 \u00f6nleyin<\/div>\n\t\t\t\t\t<div id=\"elementor-tab-content-2334\" class=\"elementor-tab-content elementor-clearfix\" data-tab=\"4\" role=\"tabpanel\" aria-labelledby=\"elementor-tab-title-2334\" tabindex=\"0\" hidden=\"hidden\">Posta sunucusundan ba\u011f\u0131ms\u0131z, ARgon Exchange, GroupWise, Lotus Notes, SMTP, POP&#8217;u destekler. M\u00fc\u015fterilerin geli\u015fen endi\u015feleri i\u00e7in en uygun e-posta g\u00fcvenlik \u00e7\u00f6z\u00fcm\u00fcn\u00fc se\u00e7me karar\u0131n\u0131 s\u00fcrd\u00fcr\u00fcrken mevcut i\u015fletim ortam\u0131nda minimum kesinti.<\/div>\n\t\t\t\t\t\t\t\t\t<div class=\"elementor-tab-title elementor-tab-mobile-title\" aria-selected=\"false\" data-tab=\"5\" role=\"tab\" tabindex=\"-1\" aria-controls=\"elementor-tab-content-2335\" aria-expanded=\"false\">S\u0131ras\u0131yla birden \u00e7ok i\u00e7erik t\u00fcr\u00fcn\u00fc inceleyin<\/div>\n\t\t\t\t\t<div id=\"elementor-tab-content-2335\" class=\"elementor-tab-content elementor-clearfix\" data-tab=\"5\" role=\"tabpanel\" aria-labelledby=\"elementor-tab-title-2335\" tabindex=\"0\" hidden=\"hidden\">ARgon, kas\u0131tl\u0131 olarak gizlenmi\u015f i\u00e7eri\u011fin yan\u0131 s\u0131ra kas\u0131ts\u0131z veya yanl\u0131\u015f yerle\u015ftirilmi\u015f i\u00e7eri\u011fi arar. Ayr\u0131ca, bir Word belgesinin i\u00e7ine yerle\u015ftirilmi\u015f Excel&#8217;den kat\u0131\u015ft\u0131r\u0131lm\u0131\u015f nesneler gibi karma\u015f\u0131k belge yap\u0131s\u0131n\u0131 da inceler.<\/div>\n\t\t\t\t\t\t\t\t\t<div class=\"elementor-tab-title elementor-tab-mobile-title\" aria-selected=\"false\" data-tab=\"6\" role=\"tab\" tabindex=\"-1\" aria-controls=\"elementor-tab-content-2336\" aria-expanded=\"false\">En b\u00fcy\u00fck kurulu\u015flar i\u00e7in bile koruma<\/div>\n\t\t\t\t\t<div id=\"elementor-tab-content-2336\" class=\"elementor-tab-content elementor-clearfix\" data-tab=\"6\" role=\"tabpanel\" aria-labelledby=\"elementor-tab-title-2336\" tabindex=\"0\" hidden=\"hidden\">Normal sunucu veya vSphere ana bilgisayarlar\u0131nda saatte binlerce mesaj\u0131 i\u015fleyebilen y\u00fcksek performanstan yararlan\u0131n, b\u00f6ylece sermaye harcamas\u0131n\u0131 azalt\u0131n.<\/div>\n\t\t\t\t\t\t\t<\/div>\n\t\t<\/div>\n\t\t\t\t<\/div>\n\t\t\t\t<\/div>\n\t\t\t\t\t<\/div>\n\t\t<\/div>\n\t\t\t\t\t\t\t<\/div>\n\t\t<\/section>\n\t\t\t\t\t\t\t<\/div>","protected":false},"excerpt":{"rendered":"<p>E-posta i\u00e7in ARgon Mevcut a\u011f ge\u00e7itleri i\u00e7in veri kayb\u0131n\u0131 \u00f6nleme \u00f6zellikleri sa\u011flayan uyarlanabilir g\u00fcvenlik eklentisi Clearswift&#8217;in E-posta i\u00e7in ARgon&#8217;u, geli\u015fmi\u015f veri kayb\u0131 \u00f6nleme (DLP) i\u015flevselli\u011fini mevcut g\u00fcvenlik altyap\u0131n\u0131za h\u0131zl\u0131 ve etkili bir \u015fekilde entegre eden bir \u00e7\u00f6z\u00fcmd\u00fcr. ARgon, \u00f6z\u00fcnde hem gelen hem de giden e-postalardan kaynaklanan bir dizi bilgi tehdidine kar\u015f\u0131 etkin koruma sa\u011flar. ARgon [&hellip;]<\/p>","protected":false},"author":2,"featured_media":0,"parent":553,"menu_order":0,"comment_status":"closed","ping_status":"closed","template":"","meta":{"om_disable_all_campaigns":false,"_mi_skip_tracking":false},"_links":{"self":[{"href":"http:\/\/www.cynoks.com.tr\/en\/wp-json\/wp\/v2\/pages\/2473"}],"collection":[{"href":"http:\/\/www.cynoks.com.tr\/en\/wp-json\/wp\/v2\/pages"}],"about":[{"href":"http:\/\/www.cynoks.com.tr\/en\/wp-json\/wp\/v2\/types\/page"}],"author":[{"embeddable":true,"href":"http:\/\/www.cynoks.com.tr\/en\/wp-json\/wp\/v2\/users\/2"}],"replies":[{"embeddable":true,"href":"http:\/\/www.cynoks.com.tr\/en\/wp-json\/wp\/v2\/comments?post=2473"}],"version-history":[{"count":31,"href":"http:\/\/www.cynoks.com.tr\/en\/wp-json\/wp\/v2\/pages\/2473\/revisions"}],"predecessor-version":[{"id":2525,"href":"http:\/\/www.cynoks.com.tr\/en\/wp-json\/wp\/v2\/pages\/2473\/revisions\/2525"}],"up":[{"embeddable":true,"href":"http:\/\/www.cynoks.com.tr\/en\/wp-json\/wp\/v2\/pages\/553"}],"wp:attachment":[{"href":"http:\/\/www.cynoks.com.tr\/en\/wp-json\/wp\/v2\/media?parent=2473"}],"curies":[{"name":"wp","href":"https:\/\/api.w.org\/{rel}","templated":true}]}}