{"id":2856,"date":"2022-04-07T15:02:40","date_gmt":"2022-04-07T12:02:40","guid":{"rendered":"http:\/\/www.cynoks.com.tr\/?page_id=2856"},"modified":"2023-02-28T16:02:17","modified_gmt":"2023-02-28T13:02:17","slug":"duyurular","status":"publish","type":"page","link":"http:\/\/www.cynoks.com.tr\/en\/kaynaklar\/duyurular\/","title":{"rendered":"Duyurular"},"content":{"rendered":"<div data-elementor-type=\"wp-page\" data-elementor-id=\"2856\" class=\"elementor elementor-2856\">\n\t\t\t\t\t\t\t\t\t<section class=\"elementor-section elementor-top-section elementor-element elementor-element-617b6a94 elementor-section-height-min-height elementor-section-content-middle elementor-section-boxed elementor-section-height-default elementor-section-items-middle\" data-id=\"617b6a94\" data-element_type=\"section\" data-settings=\"{&quot;background_background&quot;:&quot;classic&quot;}\">\n\t\t\t\t\t\t\t<div class=\"elementor-background-overlay\"><\/div>\n\t\t\t\t\t\t\t<div class=\"elementor-container elementor-column-gap-no\">\n\t\t\t\t\t<div class=\"elementor-column elementor-col-100 elementor-top-column elementor-element elementor-element-4a504692\" data-id=\"4a504692\" data-element_type=\"column\">\n\t\t\t<div class=\"elementor-widget-wrap elementor-element-populated\">\n\t\t\t\t\t\t\t\t<div class=\"elementor-element elementor-element-251424c5 elementor-invisible elementor-widget elementor-widget-heading\" data-id=\"251424c5\" data-element_type=\"widget\" data-settings=\"{&quot;_animation&quot;:&quot;fadeInDown&quot;}\" data-widget_type=\"heading.default\">\n\t\t\t\t<div class=\"elementor-widget-container\">\n\t\t\t<h1 class=\"elementor-heading-title elementor-size-default\">Duyurular<\/h1>\t\t<\/div>\n\t\t\t\t<\/div>\n\t\t\t\t<div class=\"elementor-element elementor-element-2bc1baba elementor-invisible elementor-widget elementor-widget-text-editor\" data-id=\"2bc1baba\" data-element_type=\"widget\" data-settings=\"{&quot;_animation&quot;:&quot;fadeInUp&quot;}\" data-widget_type=\"text-editor.default\">\n\t\t\t\t<div class=\"elementor-widget-container\">\n\t\t\t\t\t\t\t<p>Cynoks&#8217;un sizler i\u00e7in haz\u0131rlad\u0131\u011f\u0131 duyurular b\u00f6l\u00fcm\u00fc<\/p>\t\t\t\t\t\t<\/div>\n\t\t\t\t<\/div>\n\t\t\t\t\t<\/div>\n\t\t<\/div>\n\t\t\t\t\t\t\t<\/div>\n\t\t<\/section>\n\t\t\t\t<section class=\"elementor-section elementor-top-section elementor-element elementor-element-44410eeb elementor-section-boxed elementor-section-height-default elementor-section-height-default\" data-id=\"44410eeb\" data-element_type=\"section\">\n\t\t\t\t\t\t<div class=\"elementor-container elementor-column-gap-default\">\n\t\t\t\t\t<div class=\"elementor-column elementor-col-100 elementor-top-column elementor-element elementor-element-4701ed05\" data-id=\"4701ed05\" data-element_type=\"column\">\n\t\t\t<div class=\"elementor-widget-wrap elementor-element-populated\">\n\t\t\t\t\t\t\t\t<div class=\"elementor-element elementor-element-1cc39a40 premium-blog-align-left elementor-widget elementor-widget-premium-addon-blog\" data-id=\"1cc39a40\" data-element_type=\"widget\" data-settings=\"{&quot;premium_blog_columns_number&quot;:&quot;100%&quot;,&quot;premium_blog_grid&quot;:&quot;yes&quot;,&quot;premium_blog_layout&quot;:&quot;even&quot;,&quot;premium_blog_columns_number_tablet&quot;:&quot;50%&quot;,&quot;premium_blog_columns_number_mobile&quot;:&quot;100%&quot;,&quot;scroll_to_offset&quot;:&quot;yes&quot;}\" data-widget_type=\"premium-addon-blog.default\">\n\t\t\t\t<div class=\"elementor-widget-container\">\n\t\t\t\r\n\t\t\t\t<div class=\"premium-blog-wrap  premium-blog-even\" data-page=\"2856\">\r\n\t\t\t\t\t<div class=\"premium-blog-post-outer-container\" data-total=\"1\">\r\n\t\t\t<div class=\"premium-blog-post-container premium-blog-skin-modern\">\r\n\t\t\t\t\t\t\t\t\t<div class=\"premium-blog-thumb-effect-wrapper\">\r\n\t\t\t\t\t\t<div class=\"premium-blog-thumbnail-container premium-blog-zoomin-effect\">\r\n\t\t\t\t\t\t\t\t\t\t<a href=\"http:\/\/www.cynoks.com.tr\/en\/2022\/06\/23\/cyberark-identity-22-6-surumu-duyuruldu\/\" target=\"_self\">\r\n\t\t\t<img decoding=\"async\" width=\"2048\" height=\"525\" src=\"http:\/\/www.cynoks.com.tr\/wp-content\/uploads\/2022\/06\/identity226.png\" class=\"attachment-full size-full\" alt=\"\" loading=\"lazy\" \/>\t\t\t<\/a>\r\n\t\t\t\t\t\t\t\t\t<\/div>\r\n\t\t\t\t\t\t\t\t\t\t\t\t\t<div class=\"premium-blog-effect-container premium-blog-framed-effect\">\r\n\t\t\t\t\t\t\t\t<a class=\"premium-blog-post-link\" href=\"http:\/\/www.cynoks.com.tr\/en\/2022\/06\/23\/cyberark-identity-22-6-surumu-duyuruldu\/\" target=\"_self\"><\/a>\r\n\t\t\t\t\t\t\t\t\t\t\t\t\t\t\t<\/div>\r\n\t\t\t\t\t\t\t\t\t\t\t<\/div>\r\n\t\t\t\t\t\t\t\t\t\t\t\t<div class=\"premium-blog-content-wrapper\">\r\n\r\n\t\t\t\t\t<div class=\"premium-blog-inner-container\">\r\n\r\n\t\t\t\t\t\t\t\t\t\t\t\t\t\t<h2 class=\"premium-blog-entry-title\">\r\n\t\t\t<a href=\"http:\/\/www.cynoks.com.tr\/en\/2022\/06\/23\/cyberark-identity-22-6-surumu-duyuruldu\/\" target=\"_self\">\r\n\t\t\t\tCyberArk Identity 22.6 S\u00fcr\u00fcm\u00fc Duyuruldu.\t\t\t<\/a>\r\n\t\t<\/h2>\r\n\t\t\t\t<div class=\"premium-blog-entry-meta\">\r\n\t\t\t\r\n\t\t\t\r\n\t\t\t\t\t\t\t<span class=\"premium-blog-meta-separator\">\u2022<\/span>\r\n\t\t\t\t<div class=\"premium-blog-post-categories premium-blog-meta-data\">\r\n\t\t\t\t\t<i class=\"fa fa-align-left fa-fw\"><\/i>\r\n\t\t\t\t\t<a href=\"http:\/\/www.cynoks.com.tr\/en\/category\/duyurular\/\" rel=\"category tag\">Duyurular<\/a>\t\t\t\t<\/div>\r\n\t\t\t\r\n\t\t\t\t\t<\/div>\r\n\t\t\r\n\t\t\t\t\t<\/div>\r\n\r\n\t\t\t\t\t<p class=\"premium-blog-post-content\">Workforce Password Management \u00dc\u00e7\u00fcnc\u00fc Taraf Parola Y\u00f6neticilerinden Kimlik Bilgilerini \u0130\u00e7e Aktarma CyberArk Identity Workforce Password Management art\u0131k LastPass, KeePass, Google Password Manager, \u2026<\/p>\t\t\t\t\t\r\n\t\t\t\t<\/div>\r\n\t\t\t<\/div>\r\n\t\t<\/div>\r\n\r\n\t\t\t\t<div class=\"premium-blog-post-outer-container\" data-total=\"1\">\r\n\t\t\t<div class=\"premium-blog-post-container premium-blog-skin-modern\">\r\n\t\t\t\t\t\t\t\t\t<div class=\"premium-blog-thumb-effect-wrapper\">\r\n\t\t\t\t\t\t<div class=\"premium-blog-thumbnail-container premium-blog-zoomin-effect\">\r\n\t\t\t\t\t\t\t\t\t\t<a href=\"http:\/\/www.cynoks.com.tr\/en\/2022\/06\/21\/silverfort-global-infosec-odullerinde-en-yenilikci-kimlik-koruma-odulunu-kazandi\/\" target=\"_self\">\r\n\t\t\t<img decoding=\"async\" width=\"1076\" height=\"193\" src=\"http:\/\/www.cynoks.com.tr\/wp-content\/uploads\/2022\/06\/silverfort-e1655811491955.jpg\" class=\"attachment-full size-full\" alt=\"\" loading=\"lazy\" \/>\t\t\t<\/a>\r\n\t\t\t\t\t\t\t\t\t<\/div>\r\n\t\t\t\t\t\t\t\t\t\t\t\t\t<div class=\"premium-blog-effect-container premium-blog-framed-effect\">\r\n\t\t\t\t\t\t\t\t<a class=\"premium-blog-post-link\" href=\"http:\/\/www.cynoks.com.tr\/en\/2022\/06\/21\/silverfort-global-infosec-odullerinde-en-yenilikci-kimlik-koruma-odulunu-kazandi\/\" target=\"_self\"><\/a>\r\n\t\t\t\t\t\t\t\t\t\t\t\t\t\t\t<\/div>\r\n\t\t\t\t\t\t\t\t\t\t\t<\/div>\r\n\t\t\t\t\t\t\t\t\t\t\t\t<div class=\"premium-blog-content-wrapper\">\r\n\r\n\t\t\t\t\t<div class=\"premium-blog-inner-container\">\r\n\r\n\t\t\t\t\t\t\t\t\t\t\t\t\t\t<h2 class=\"premium-blog-entry-title\">\r\n\t\t\t<a href=\"http:\/\/www.cynoks.com.tr\/en\/2022\/06\/21\/silverfort-global-infosec-odullerinde-en-yenilikci-kimlik-koruma-odulunu-kazandi\/\" target=\"_self\">\r\n\t\t\t\tSilverfort, Global InfoSec \u00d6d\u00fcllerinde &#8220;En Yenilik\u00e7i Kimlik Koruma&#8221; \u00f6d\u00fcl\u00fcn\u00fc kazand\u0131.\t\t\t<\/a>\r\n\t\t<\/h2>\r\n\t\t\t\t<div class=\"premium-blog-entry-meta\">\r\n\t\t\t\r\n\t\t\t\r\n\t\t\t\t\t\t\t<span class=\"premium-blog-meta-separator\">\u2022<\/span>\r\n\t\t\t\t<div class=\"premium-blog-post-categories premium-blog-meta-data\">\r\n\t\t\t\t\t<i class=\"fa fa-align-left fa-fw\"><\/i>\r\n\t\t\t\t\t<a href=\"http:\/\/www.cynoks.com.tr\/en\/category\/duyurular\/\" rel=\"category tag\">Duyurular<\/a>\t\t\t\t<\/div>\r\n\t\t\t\r\n\t\t\t\t\t<\/div>\r\n\t\t\r\n\t\t\t\t\t<\/div>\r\n\r\n\t\t\t\t\t<p class=\"premium-blog-post-content\">En Yenilik\u00e7i Kimlik Korumas\u0131 Nedir ? Kimlik tehdidi ortam\u0131 geli\u015ftik\u00e7e ve de\u011fi\u015ftik\u00e7e, Silverfort yeteneklerini art\u0131rd\u0131. \u0130lk Birle\u015fik Kimlik Tehdit Korumas\u0131 platformunu sa\u011flamak \u2026<\/p>\t\t\t\t\t\r\n\t\t\t\t<\/div>\r\n\t\t\t<\/div>\r\n\t\t<\/div>\r\n\r\n\t\t\t\t<div class=\"premium-blog-post-outer-container\" data-total=\"1\">\r\n\t\t\t<div class=\"premium-blog-post-container premium-blog-skin-modern\">\r\n\t\t\t\t\t\t\t\t\t<div class=\"premium-blog-thumb-effect-wrapper\">\r\n\t\t\t\t\t\t<div class=\"premium-blog-thumbnail-container premium-blog-zoomin-effect\">\r\n\t\t\t\t\t\t\t\t\t\t<a href=\"http:\/\/www.cynoks.com.tr\/en\/2022\/06\/17\/cyberark-linux-platformlarinda-endpoint-privilege-manager-yeteneklerini-genisletiyor\/\" target=\"_self\">\r\n\t\t\t<img decoding=\"async\" width=\"2048\" height=\"525\" src=\"http:\/\/www.cynoks.com.tr\/wp-content\/uploads\/2022\/06\/epm22.png\" class=\"attachment-full size-full\" alt=\"\" loading=\"lazy\" \/>\t\t\t<\/a>\r\n\t\t\t\t\t\t\t\t\t<\/div>\r\n\t\t\t\t\t\t\t\t\t\t\t\t\t<div class=\"premium-blog-effect-container premium-blog-framed-effect\">\r\n\t\t\t\t\t\t\t\t<a class=\"premium-blog-post-link\" href=\"http:\/\/www.cynoks.com.tr\/en\/2022\/06\/17\/cyberark-linux-platformlarinda-endpoint-privilege-manager-yeteneklerini-genisletiyor\/\" target=\"_self\"><\/a>\r\n\t\t\t\t\t\t\t\t\t\t\t\t\t\t\t<\/div>\r\n\t\t\t\t\t\t\t\t\t\t\t<\/div>\r\n\t\t\t\t\t\t\t\t\t\t\t\t<div class=\"premium-blog-content-wrapper\">\r\n\r\n\t\t\t\t\t<div class=\"premium-blog-inner-container\">\r\n\r\n\t\t\t\t\t\t\t\t\t\t\t\t\t\t<h2 class=\"premium-blog-entry-title\">\r\n\t\t\t<a href=\"http:\/\/www.cynoks.com.tr\/en\/2022\/06\/17\/cyberark-linux-platformlarinda-endpoint-privilege-manager-yeteneklerini-genisletiyor\/\" target=\"_self\">\r\n\t\t\t\tCyberArk, Linux Platformlar\u0131nda Endpoint Privilege Manager Yeteneklerini Geni\u015fletiyor.\t\t\t<\/a>\r\n\t\t<\/h2>\r\n\t\t\t\t<div class=\"premium-blog-entry-meta\">\r\n\t\t\t\r\n\t\t\t\r\n\t\t\t\t\t\t\t<span class=\"premium-blog-meta-separator\">\u2022<\/span>\r\n\t\t\t\t<div class=\"premium-blog-post-categories premium-blog-meta-data\">\r\n\t\t\t\t\t<i class=\"fa fa-align-left fa-fw\"><\/i>\r\n\t\t\t\t\t<a href=\"http:\/\/www.cynoks.com.tr\/en\/category\/duyurular\/\" rel=\"category tag\">Duyurular<\/a>\t\t\t\t<\/div>\r\n\t\t\t\r\n\t\t\t\t\t<\/div>\r\n\t\t\r\n\t\t\t\t\t<\/div>\r\n\r\n\t\t\t\t\t<p class=\"premium-blog-post-content\">Linux, ak\u0131ll\u0131 telefonlardan bulut bili\u015fime kadar \u00e7e\u015fitli operasyon t\u00fcrlerine yayg\u0131n olarak kullan\u0131l\u0131yor. Yak\u0131n zamanda yap\u0131lan bir ankette, geli\u015ftiricilerin %83,1&#8217;i \u00fczerinde \u00e7al\u0131\u015fmay\u0131 tercih \u2026<\/p>\t\t\t\t\t\r\n\t\t\t\t<\/div>\r\n\t\t\t<\/div>\r\n\t\t<\/div>\r\n\r\n\t\t\t\t<div class=\"premium-blog-post-outer-container\" data-total=\"1\">\r\n\t\t\t<div class=\"premium-blog-post-container premium-blog-skin-modern\">\r\n\t\t\t\t\t\t\t\t\t<div class=\"premium-blog-thumb-effect-wrapper\">\r\n\t\t\t\t\t\t<div class=\"premium-blog-thumbnail-container premium-blog-zoomin-effect\">\r\n\t\t\t\t\t\t\t\t\t\t<a href=\"http:\/\/www.cynoks.com.tr\/en\/2022\/04\/07\/silverfort-v4-3-duyurusu\/\" target=\"_self\">\r\n\t\t\t<img decoding=\"async\" width=\"2048\" height=\"750\" src=\"http:\/\/www.cynoks.com.tr\/wp-content\/uploads\/2022\/04\/FPwtSSbX0AY-Daq.jpeg\" class=\"attachment-full size-full\" alt=\"\" loading=\"lazy\" \/>\t\t\t<\/a>\r\n\t\t\t\t\t\t\t\t\t<\/div>\r\n\t\t\t\t\t\t\t\t\t\t\t\t\t<div class=\"premium-blog-effect-container premium-blog-framed-effect\">\r\n\t\t\t\t\t\t\t\t<a class=\"premium-blog-post-link\" href=\"http:\/\/www.cynoks.com.tr\/en\/2022\/04\/07\/silverfort-v4-3-duyurusu\/\" target=\"_self\"><\/a>\r\n\t\t\t\t\t\t\t\t\t\t\t\t\t\t\t<\/div>\r\n\t\t\t\t\t\t\t\t\t\t\t<\/div>\r\n\t\t\t\t\t\t\t\t\t\t\t\t<div class=\"premium-blog-content-wrapper\">\r\n\r\n\t\t\t\t\t<div class=\"premium-blog-inner-container\">\r\n\r\n\t\t\t\t\t\t\t\t\t\t\t\t\t\t<h2 class=\"premium-blog-entry-title\">\r\n\t\t\t<a href=\"http:\/\/www.cynoks.com.tr\/en\/2022\/04\/07\/silverfort-v4-3-duyurusu\/\" target=\"_self\">\r\n\t\t\t\tSilverfort v4.3 Duyurusu\t\t\t<\/a>\r\n\t\t<\/h2>\r\n\t\t\t\t<div class=\"premium-blog-entry-meta\">\r\n\t\t\t\r\n\t\t\t\r\n\t\t\t\t\t\t\t<span class=\"premium-blog-meta-separator\">\u2022<\/span>\r\n\t\t\t\t<div class=\"premium-blog-post-categories premium-blog-meta-data\">\r\n\t\t\t\t\t<i class=\"fa fa-align-left fa-fw\"><\/i>\r\n\t\t\t\t\t<a href=\"http:\/\/www.cynoks.com.tr\/en\/category\/duyurular\/\" rel=\"category tag\">Duyurular<\/a>\t\t\t\t<\/div>\r\n\t\t\t\r\n\t\t\t\t\t<\/div>\r\n\t\t\r\n\t\t\t\t\t<\/div>\r\n\r\n\t\t\t\t\t<p class=\"premium-blog-post-content\">Yeni G\u00f6sterge Paneli&nbsp; Silverfort 4.3 s\u00fcr\u00fcm\u00fcn\u00fc duyurdu. Aylarca s\u00fcren planlama, geli\u015ftirme ve tasar\u0131m\u0131n ard\u0131ndan yeni pano tasar\u0131m\u0131, resmi olarak kullan\u0131ma sunuldu. G\u00f6sterge \u2026<\/p>\t\t\t\t\t\r\n\t\t\t\t<\/div>\r\n\t\t\t<\/div>\r\n\t\t<\/div>\r\n\r\n\t\t\t\t<\/div>\r\n\r\n\t\t\t\t<\/div>\n\t\t\t\t<\/div>\n\t\t\t\t\t<\/div>\n\t\t<\/div>\n\t\t\t\t\t\t\t<\/div>\n\t\t<\/section>\n\t\t\t\t\t\t\t<\/div>","protected":false},"excerpt":{"rendered":"<p>Duyurular Cynoks&#8217;un sizler i\u00e7in haz\u0131rlad\u0131\u011f\u0131 duyurular b\u00f6l\u00fcm\u00fc Silverfort v4.3 Duyurusu \u2022 Duyurular Yeni G\u00f6sterge Paneli&nbsp; Silverfort 4.3 s\u00fcr\u00fcm\u00fcn\u00fc duyurdu. Aylarca s\u00fcren planlama, geli\u015ftirme ve tasar\u0131m\u0131n ard\u0131ndan yeni pano tasar\u0131m\u0131, resmi olarak kullan\u0131ma sunuldu. G\u00f6sterge \u2026<\/p>","protected":false},"author":3,"featured_media":0,"parent":2428,"menu_order":0,"comment_status":"closed","ping_status":"closed","template":"","meta":{"om_disable_all_campaigns":false,"_mi_skip_tracking":false},"_links":{"self":[{"href":"http:\/\/www.cynoks.com.tr\/en\/wp-json\/wp\/v2\/pages\/2856"}],"collection":[{"href":"http:\/\/www.cynoks.com.tr\/en\/wp-json\/wp\/v2\/pages"}],"about":[{"href":"http:\/\/www.cynoks.com.tr\/en\/wp-json\/wp\/v2\/types\/page"}],"author":[{"embeddable":true,"href":"http:\/\/www.cynoks.com.tr\/en\/wp-json\/wp\/v2\/users\/3"}],"replies":[{"embeddable":true,"href":"http:\/\/www.cynoks.com.tr\/en\/wp-json\/wp\/v2\/comments?post=2856"}],"version-history":[{"count":5,"href":"http:\/\/www.cynoks.com.tr\/en\/wp-json\/wp\/v2\/pages\/2856\/revisions"}],"predecessor-version":[{"id":2887,"href":"http:\/\/www.cynoks.com.tr\/en\/wp-json\/wp\/v2\/pages\/2856\/revisions\/2887"}],"up":[{"embeddable":true,"href":"http:\/\/www.cynoks.com.tr\/en\/wp-json\/wp\/v2\/pages\/2428"}],"wp:attachment":[{"href":"http:\/\/www.cynoks.com.tr\/en\/wp-json\/wp\/v2\/media?parent=2856"}],"curies":[{"name":"wp","href":"https:\/\/api.w.org\/{rel}","templated":true}]}}