{"id":553,"date":"2021-08-10T15:33:17","date_gmt":"2021-08-10T12:33:17","guid":{"rendered":"http:\/\/www.cynoks.com.tr\/?page_id=553"},"modified":"2023-02-28T15:43:06","modified_gmt":"2023-02-28T12:43:06","slug":"clearswift","status":"publish","type":"page","link":"http:\/\/www.cynoks.com.tr\/en\/cozum-ortaklarimiz\/clearswift\/","title":{"rendered":"Clearswift"},"content":{"rendered":"<div data-elementor-type=\"wp-page\" data-elementor-id=\"553\" class=\"elementor elementor-553\">\n\t\t\t\t\t\t\t\t\t<section class=\"elementor-section elementor-top-section elementor-element elementor-element-3ee34597 elementor-section-height-min-height elementor-section-content-middle elementor-section-boxed elementor-section-height-default elementor-section-items-middle\" data-id=\"3ee34597\" data-element_type=\"section\" data-settings=\"{&quot;background_background&quot;:&quot;classic&quot;}\">\n\t\t\t\t\t\t\t<div class=\"elementor-background-overlay\"><\/div>\n\t\t\t\t\t\t\t<div class=\"elementor-container elementor-column-gap-no\">\n\t\t\t\t\t<div class=\"elementor-column elementor-col-100 elementor-top-column elementor-element elementor-element-2750ccb9\" data-id=\"2750ccb9\" data-element_type=\"column\">\n\t\t\t<div class=\"elementor-widget-wrap elementor-element-populated\">\n\t\t\t\t\t\t\t\t<div class=\"elementor-element elementor-element-a0a6170 elementor-invisible elementor-widget elementor-widget-image\" data-id=\"a0a6170\" data-element_type=\"widget\" data-settings=\"{&quot;_animation&quot;:&quot;fadeInDown&quot;}\" data-widget_type=\"image.default\">\n\t\t\t\t<div class=\"elementor-widget-container\">\n\t\t\t\t\t\t\t\t\t\t\t\t\t\t\t<img decoding=\"async\" width=\"300\" height=\"105\" src=\"http:\/\/www.cynoks.com.tr\/wp-content\/uploads\/2021\/08\/hs-clearswift-300x105.png\" class=\"attachment-medium size-medium\" alt=\"\" loading=\"lazy\" srcset=\"http:\/\/www.cynoks.com.tr\/wp-content\/uploads\/2021\/08\/hs-clearswift-300x105.png 300w, http:\/\/www.cynoks.com.tr\/wp-content\/uploads\/2021\/08\/hs-clearswift.png 436w\" sizes=\"(max-width: 300px) 100vw, 300px\" \/>\t\t\t\t\t\t\t\t\t\t\t\t\t\t\t<\/div>\n\t\t\t\t<\/div>\n\t\t\t\t\t<\/div>\n\t\t<\/div>\n\t\t\t\t\t\t\t<\/div>\n\t\t<\/section>\n\t\t\t\t<section class=\"elementor-section elementor-top-section elementor-element elementor-element-4ce8685d elementor-section-boxed elementor-section-height-default elementor-section-height-default\" data-id=\"4ce8685d\" data-element_type=\"section\">\n\t\t\t\t\t\t<div class=\"elementor-container elementor-column-gap-default\">\n\t\t\t\t\t<div class=\"elementor-column elementor-col-100 elementor-top-column elementor-element elementor-element-554cabbb\" data-id=\"554cabbb\" data-element_type=\"column\">\n\t\t\t<div class=\"elementor-widget-wrap elementor-element-populated\">\n\t\t\t\t\t\t\t\t<div class=\"elementor-element elementor-element-35f4edd3 elementor-invisible elementor-widget elementor-widget-text-editor\" data-id=\"35f4edd3\" data-element_type=\"widget\" data-settings=\"{&quot;_animation&quot;:&quot;fadeIn&quot;}\" data-widget_type=\"text-editor.default\">\n\t\t\t\t<div class=\"elementor-widget-container\">\n\t\t\t\t\t\t\t<div class=\"fusion-title title fusion-title-1 fusion-title-text fusion-title-size-three\"><h1 class=\"title-heading-left fusion-responsive-typography-calculated\">Clearswift Adaptif Veri Kayb\u0131n\u0131n \u00d6nlenmesi (A-DLP)<\/h1><div class=\"title-sep-container title-sep-container-right\"><div class=\"title-sep sep-\">\u00a0<\/div><\/div><\/div><div class=\"fusion-text fusion-text-1\"><h3><strong>Benzersiz teknolojisi, kolay ve \u201cuyarlanabilir\u201d bir veri kayb\u0131 \u00f6nleme \u00e7\u00f6z\u00fcm\u00fc olmay\u0131 sa\u011flar.<\/strong><\/h3><p>As security threats increase day by day, businesses need smarter solutions to protect themselves. External attacks, malicious employees or user errors lead to data leaks. Simple to use, the new Clearswift Adaptive DLP makes automated, policy-driven decisions about what to stop, allow, or edit based on who sends what to whom, while providing both content and context awareness. Unlike traditional DLP solutions that \u201cstop and block\u201d communication, Clearswift provides a consistent approach to avoiding the loss of critical information, enabling the secure and ongoing collaboration so important to today's global businesses.<\/p><\/div>\t\t\t\t\t\t<\/div>\n\t\t\t\t<\/div>\n\t\t\t\t\t<\/div>\n\t\t<\/div>\n\t\t\t\t\t\t\t<\/div>\n\t\t<\/section>\n\t\t\t\t\t\t\t<\/div>","protected":false},"excerpt":{"rendered":"<p>Clearswift Adaptif Veri Kayb\u0131n\u0131n \u00d6nlenmesi (A-DLP) \u00a0 Benzersiz teknolojisi, kolay ve \u201cuyarlanabilir\u201d bir veri kayb\u0131 \u00f6nleme \u00e7\u00f6z\u00fcm\u00fc olmay\u0131 sa\u011flar. G\u00fcvenlik tehditleri her ge\u00e7en g\u00fcn artt\u0131k\u00e7a, i\u015fletmeler kendilerini korumak i\u00e7in daha ak\u0131ll\u0131 \u00e7\u00f6z\u00fcmlere ihtiya\u00e7 duymaktad\u0131r. D\u0131\u015fardan gelen sald\u0131r\u0131lar, k\u00f6t\u00fc niyetli \u00e7al\u0131\u015fanlar veya kullan\u0131c\u0131 hatalar\u0131 veri s\u0131z\u0131nt\u0131lar\u0131na yol a\u00e7maktad\u0131r. Kullan\u0131m\u0131 basit olan yeni Clearswift Adaptive DLP, kimin [&hellip;]<\/p>","protected":false},"author":1,"featured_media":0,"parent":498,"menu_order":0,"comment_status":"closed","ping_status":"closed","template":"","meta":{"om_disable_all_campaigns":false,"_mi_skip_tracking":false},"_links":{"self":[{"href":"http:\/\/www.cynoks.com.tr\/en\/wp-json\/wp\/v2\/pages\/553"}],"collection":[{"href":"http:\/\/www.cynoks.com.tr\/en\/wp-json\/wp\/v2\/pages"}],"about":[{"href":"http:\/\/www.cynoks.com.tr\/en\/wp-json\/wp\/v2\/types\/page"}],"author":[{"embeddable":true,"href":"http:\/\/www.cynoks.com.tr\/en\/wp-json\/wp\/v2\/users\/1"}],"replies":[{"embeddable":true,"href":"http:\/\/www.cynoks.com.tr\/en\/wp-json\/wp\/v2\/comments?post=553"}],"version-history":[{"count":19,"href":"http:\/\/www.cynoks.com.tr\/en\/wp-json\/wp\/v2\/pages\/553\/revisions"}],"predecessor-version":[{"id":1730,"href":"http:\/\/www.cynoks.com.tr\/en\/wp-json\/wp\/v2\/pages\/553\/revisions\/1730"}],"up":[{"embeddable":true,"href":"http:\/\/www.cynoks.com.tr\/en\/wp-json\/wp\/v2\/pages\/498"}],"wp:attachment":[{"href":"http:\/\/www.cynoks.com.tr\/en\/wp-json\/wp\/v2\/media?parent=553"}],"curies":[{"name":"wp","href":"https:\/\/api.w.org\/{rel}","templated":true}]}}