{"id":565,"date":"2021-08-10T15:36:06","date_gmt":"2021-08-10T12:36:06","guid":{"rendered":"http:\/\/www.cynoks.com.tr\/?page_id=565"},"modified":"2023-02-28T16:05:11","modified_gmt":"2023-02-28T13:05:11","slug":"stealthbits","status":"publish","type":"page","link":"http:\/\/www.cynoks.com.tr\/en\/cozum-ortaklarimiz\/stealthbits\/","title":{"rendered":"Stealthbits"},"content":{"rendered":"<div data-elementor-type=\"wp-page\" data-elementor-id=\"565\" class=\"elementor elementor-565\">\n\t\t\t\t\t\t\t\t\t<section class=\"elementor-section elementor-top-section elementor-element elementor-element-54517c5b elementor-section-height-min-height elementor-section-content-middle elementor-section-boxed elementor-section-height-default elementor-section-items-middle\" data-id=\"54517c5b\" data-element_type=\"section\" data-settings=\"{&quot;background_background&quot;:&quot;classic&quot;}\">\n\t\t\t\t\t\t\t<div class=\"elementor-background-overlay\"><\/div>\n\t\t\t\t\t\t\t<div class=\"elementor-container elementor-column-gap-no\">\n\t\t\t\t\t<div class=\"elementor-column elementor-col-100 elementor-top-column elementor-element elementor-element-5aff2b96\" data-id=\"5aff2b96\" data-element_type=\"column\">\n\t\t\t<div class=\"elementor-widget-wrap elementor-element-populated\">\n\t\t\t\t\t\t\t\t<div class=\"elementor-element elementor-element-5ebe9568 elementor-invisible elementor-widget elementor-widget-image\" data-id=\"5ebe9568\" data-element_type=\"widget\" data-settings=\"{&quot;_animation&quot;:&quot;fadeInDown&quot;}\" data-widget_type=\"image.default\">\n\t\t\t\t<div class=\"elementor-widget-container\">\n\t\t\t\t\t\t\t\t\t\t\t\t\t\t\t<img decoding=\"async\" width=\"300\" height=\"150\" src=\"http:\/\/www.cynoks.com.tr\/wp-content\/uploads\/2021\/08\/stealthbits-300x150.png\" class=\"attachment-medium size-medium\" alt=\"\" loading=\"lazy\" srcset=\"http:\/\/www.cynoks.com.tr\/wp-content\/uploads\/2021\/08\/stealthbits-300x150.png 300w, http:\/\/www.cynoks.com.tr\/wp-content\/uploads\/2021\/08\/stealthbits.png 500w\" sizes=\"(max-width: 300px) 100vw, 300px\" \/>\t\t\t\t\t\t\t\t\t\t\t\t\t\t\t<\/div>\n\t\t\t\t<\/div>\n\t\t\t\t\t<\/div>\n\t\t<\/div>\n\t\t\t\t\t\t\t<\/div>\n\t\t<\/section>\n\t\t\t\t<section class=\"elementor-section elementor-top-section elementor-element elementor-element-60aaf19b elementor-section-boxed elementor-section-height-default elementor-section-height-default\" data-id=\"60aaf19b\" data-element_type=\"section\">\n\t\t\t\t\t\t<div class=\"elementor-container elementor-column-gap-default\">\n\t\t\t\t\t<div class=\"elementor-column elementor-col-100 elementor-top-column elementor-element elementor-element-6b89151b\" data-id=\"6b89151b\" data-element_type=\"column\">\n\t\t\t<div class=\"elementor-widget-wrap elementor-element-populated\">\n\t\t\t\t\t\t\t\t<div class=\"elementor-element elementor-element-71ef7b48 elementor-invisible elementor-widget elementor-widget-text-editor\" data-id=\"71ef7b48\" data-element_type=\"widget\" data-settings=\"{&quot;_animation&quot;:&quot;fadeIn&quot;}\" data-widget_type=\"text-editor.default\">\n\t\t\t\t<div class=\"elementor-widget-container\">\n\t\t\t\t\t\t\t<div class=\"fusion-text fusion-text-1\"><h1>STEALTHBITS<\/h1><\/div><div class=\"fusion-text fusion-text-3\"><p><span data-contrast=\"auto\">Stealthbits\u00a0veri\u00a0g\u00fcvenli\u011fi\u00a0i\u00e7in\u00a0bir\u00a0yaz\u0131l\u0131m\u00a0\u00fcreticisidir.\u00a0\u015eirket\u00a0hassas\u00a0verilerinin\u00a0g\u00fcvenli\u011fine\u00a0odaklan\u0131r\u00a0ve\u00a0y\u00f6netimini\u00a0sa\u011flar,\u00a0kimlik\u00a0bilgisi\u00a0k\u00f6t\u00fcye\u00a0kullan\u0131m\u0131ndan\u00a0korur\u00a0ve\u00a0veri\u00a0eri\u015fimini\u00a0kontrol\u00a0eder.<\/span><span data-ccp-props=\"{\">\u00a0<\/span><\/p><p><span data-contrast=\"auto\">Stealthbits\u00a0\u00e7\u00f6z\u00fcmleri\u00a0a\u015fa\u011f\u0131daki\u00a0\u00fcr\u00fcnlerden\u00a0olu\u015fmaktad\u0131r;<\/span><\/p><\/div>\t\t\t\t\t\t<\/div>\n\t\t\t\t<\/div>\n\t\t\t\t<div class=\"elementor-element elementor-element-46056b7 elementor-widget elementor-widget-image\" data-id=\"46056b7\" data-element_type=\"widget\" data-widget_type=\"image.default\">\n\t\t\t\t<div class=\"elementor-widget-container\">\n\t\t\t\t\t\t\t\t\t\t\t\t\t\t\t<img decoding=\"async\" width=\"1024\" height=\"576\" src=\"http:\/\/www.cynoks.com.tr\/wp-content\/uploads\/2021\/09\/stealthbits_urunler-1024x576.png\" class=\"attachment-large size-large\" alt=\"\" loading=\"lazy\" srcset=\"http:\/\/www.cynoks.com.tr\/wp-content\/uploads\/2021\/09\/stealthbits_urunler-1024x576.png 1024w, http:\/\/www.cynoks.com.tr\/wp-content\/uploads\/2021\/09\/stealthbits_urunler-300x169.png 300w, http:\/\/www.cynoks.com.tr\/wp-content\/uploads\/2021\/09\/stealthbits_urunler-768x432.png 768w, http:\/\/www.cynoks.com.tr\/wp-content\/uploads\/2021\/09\/stealthbits_urunler-18x10.png 18w, http:\/\/www.cynoks.com.tr\/wp-content\/uploads\/2021\/09\/stealthbits_urunler.png 1280w\" sizes=\"(max-width: 1024px) 100vw, 1024px\" \/>\t\t\t\t\t\t\t\t\t\t\t\t\t\t\t<\/div>\n\t\t\t\t<\/div>\n\t\t\t\t<div class=\"elementor-element elementor-element-2f87975 elementor-widget elementor-widget-image\" data-id=\"2f87975\" data-element_type=\"widget\" data-widget_type=\"image.default\">\n\t\t\t\t<div class=\"elementor-widget-container\">\n\t\t\t\t\t\t\t\t\t\t\t\t\t\t\t<img decoding=\"async\" width=\"1024\" height=\"576\" src=\"http:\/\/www.cynoks.com.tr\/wp-content\/uploads\/2021\/09\/stealhbits_kapsam-2-1024x576.png\" class=\"attachment-large size-large\" alt=\"\" loading=\"lazy\" srcset=\"http:\/\/www.cynoks.com.tr\/wp-content\/uploads\/2021\/09\/stealhbits_kapsam-2-1024x576.png 1024w, http:\/\/www.cynoks.com.tr\/wp-content\/uploads\/2021\/09\/stealhbits_kapsam-2-300x169.png 300w, http:\/\/www.cynoks.com.tr\/wp-content\/uploads\/2021\/09\/stealhbits_kapsam-2-768x432.png 768w, http:\/\/www.cynoks.com.tr\/wp-content\/uploads\/2021\/09\/stealhbits_kapsam-2-18x10.png 18w, http:\/\/www.cynoks.com.tr\/wp-content\/uploads\/2021\/09\/stealhbits_kapsam-2.png 1280w\" sizes=\"(max-width: 1024px) 100vw, 1024px\" \/>\t\t\t\t\t\t\t\t\t\t\t\t\t\t\t<\/div>\n\t\t\t\t<\/div>\n\t\t\t\t<div class=\"elementor-element elementor-element-802c966 elementor-widget elementor-widget-image\" data-id=\"802c966\" data-element_type=\"widget\" data-widget_type=\"image.default\">\n\t\t\t\t<div class=\"elementor-widget-container\">\n\t\t\t\t\t\t\t\t\t\t\t\t\t\t\t<img decoding=\"async\" width=\"1024\" height=\"576\" src=\"http:\/\/www.cynoks.com.tr\/wp-content\/uploads\/2021\/09\/stealthbits_uyumluluk-1024x576.png\" class=\"attachment-large size-large\" alt=\"\" loading=\"lazy\" srcset=\"http:\/\/www.cynoks.com.tr\/wp-content\/uploads\/2021\/09\/stealthbits_uyumluluk-1024x576.png 1024w, http:\/\/www.cynoks.com.tr\/wp-content\/uploads\/2021\/09\/stealthbits_uyumluluk-300x169.png 300w, http:\/\/www.cynoks.com.tr\/wp-content\/uploads\/2021\/09\/stealthbits_uyumluluk-768x432.png 768w, http:\/\/www.cynoks.com.tr\/wp-content\/uploads\/2021\/09\/stealthbits_uyumluluk-18x10.png 18w, http:\/\/www.cynoks.com.tr\/wp-content\/uploads\/2021\/09\/stealthbits_uyumluluk.png 1280w\" sizes=\"(max-width: 1024px) 100vw, 1024px\" \/>\t\t\t\t\t\t\t\t\t\t\t\t\t\t\t<\/div>\n\t\t\t\t<\/div>\n\t\t\t\t<div class=\"elementor-element elementor-element-673e3ac elementor-widget elementor-widget-text-editor\" data-id=\"673e3ac\" data-element_type=\"widget\" data-widget_type=\"text-editor.default\">\n\t\t\t\t<div class=\"elementor-widget-container\">\n\t\t\t\t\t\t\t<p><span data-contrast=\"auto\">Son derece do\u011fru ve hassas analitik motora dayanan StealthBits \u00e7\u00f6z\u00fcmleri, her zaman her t\u00fcrl\u00fc cihazdan sadece do\u011fru kullan\u0131c\u0131lar\u0131n do\u011fru veriye eri\u015fimini sa\u011flayarak, t\u00fcm kullan\u0131mlar\u0131n izlenebilmesi ve <\/span><span data-contrast=\"auto\">k\u00f6t\u00fcye\u00a0kullan\u0131mlar\u0131n\u00a0i\u015faretlenebilmesiyle\u00a0kurumlara\u00a0toplam\u00a0g\u00f6r\u00fcn\u00fcrl\u00fck\u00a0ve\u00a0verileri\u00a0\u00fczerinde\u00a0kontrol\u00a0hizmeti\u00a0sunmaktad\u0131r.<\/span><span data-ccp-props=\"{&quot;201341983&quot;:0,&quot;335559739&quot;:160,&quot;335559740&quot;:259}\">\u00a0<\/span><\/p><p><span data-contrast=\"auto\">Yap\u0131land\u0131r\u0131lmam\u0131\u015f\u00a0ve\u00a0yar\u0131-yap\u0131land\u0131r\u0131lm\u0131\u015f\u00a0veri\u00a0y\u00f6netim,\u00a0loglama,\u00a0takip\u00a0ve\u00a0raporlama\u00a0yaz\u0131l\u0131mlar\u0131n\u0131n\u00a0liderlerindendir.<\/span><span data-ccp-props=\"{&quot;201341983&quot;:0,&quot;335559739&quot;:160,&quot;335559740&quot;:259}\">\u00a0<\/span><\/p>\t\t\t\t\t\t<\/div>\n\t\t\t\t<\/div>\n\t\t\t\t<div class=\"elementor-element elementor-element-cbb55fb elementor-widget elementor-widget-image\" data-id=\"cbb55fb\" data-element_type=\"widget\" data-widget_type=\"image.default\">\n\t\t\t\t<div class=\"elementor-widget-container\">\n\t\t\t\t\t\t\t\t\t\t\t\t\t\t\t<img decoding=\"async\" width=\"1024\" height=\"319\" src=\"http:\/\/www.cynoks.com.tr\/wp-content\/uploads\/2021\/09\/stealthbits_oduller-1024x319.png\" class=\"attachment-large size-large\" alt=\"\" loading=\"lazy\" srcset=\"http:\/\/www.cynoks.com.tr\/wp-content\/uploads\/2021\/09\/stealthbits_oduller-1024x319.png 1024w, http:\/\/www.cynoks.com.tr\/wp-content\/uploads\/2021\/09\/stealthbits_oduller-300x94.png 300w, http:\/\/www.cynoks.com.tr\/wp-content\/uploads\/2021\/09\/stealthbits_oduller-768x239.png 768w, http:\/\/www.cynoks.com.tr\/wp-content\/uploads\/2021\/09\/stealthbits_oduller-18x6.png 18w, http:\/\/www.cynoks.com.tr\/wp-content\/uploads\/2021\/09\/stealthbits_oduller.png 1280w\" sizes=\"(max-width: 1024px) 100vw, 1024px\" \/>\t\t\t\t\t\t\t\t\t\t\t\t\t\t\t<\/div>\n\t\t\t\t<\/div>\n\t\t\t\t\t<\/div>\n\t\t<\/div>\n\t\t\t\t\t\t\t<\/div>\n\t\t<\/section>\n\t\t\t\t<section class=\"elementor-section elementor-top-section elementor-element elementor-element-62331ff elementor-section-boxed elementor-section-height-default elementor-section-height-default\" data-id=\"62331ff\" data-element_type=\"section\">\n\t\t\t\t\t\t<div class=\"elementor-container elementor-column-gap-default\">\n\t\t\t\t\t<div class=\"elementor-column elementor-col-33 elementor-top-column elementor-element elementor-element-cfd535f\" data-id=\"cfd535f\" data-element_type=\"column\">\n\t\t\t<div class=\"elementor-widget-wrap elementor-element-populated\">\n\t\t\t\t\t\t\t\t<div class=\"elementor-element elementor-element-c661e56 elementor-aspect-ratio-169 elementor-widget elementor-widget-video\" data-id=\"c661e56\" data-element_type=\"widget\" data-settings=\"{&quot;youtube_url&quot;:&quot;https:\\\/\\\/www.youtube.com\\\/watch?v=jed76Juufwo&quot;,&quot;video_type&quot;:&quot;youtube&quot;,&quot;controls&quot;:&quot;yes&quot;,&quot;aspect_ratio&quot;:&quot;169&quot;}\" data-widget_type=\"video.default\">\n\t\t\t\t<div class=\"elementor-widget-container\">\n\t\t\t\t\t<div class=\"elementor-wrapper elementor-fit-aspect-ratio elementor-open-inline\">\n\t\t\t<div class=\"elementor-video\"><\/div>\t\t<\/div>\n\t\t\t\t<\/div>\n\t\t\t\t<\/div>\n\t\t\t\t\t<\/div>\n\t\t<\/div>\n\t\t\t\t<div class=\"elementor-column elementor-col-33 elementor-top-column elementor-element elementor-element-eea4c68\" data-id=\"eea4c68\" data-element_type=\"column\">\n\t\t\t<div class=\"elementor-widget-wrap elementor-element-populated\">\n\t\t\t\t\t\t\t\t<div class=\"elementor-element elementor-element-bf6553c elementor-aspect-ratio-169 elementor-widget elementor-widget-video\" data-id=\"bf6553c\" data-element_type=\"widget\" data-settings=\"{&quot;youtube_url&quot;:&quot;https:\\\/\\\/www.youtube.com\\\/watch?v=hWBlfS58K7A&quot;,&quot;video_type&quot;:&quot;youtube&quot;,&quot;controls&quot;:&quot;yes&quot;,&quot;aspect_ratio&quot;:&quot;169&quot;}\" data-widget_type=\"video.default\">\n\t\t\t\t<div class=\"elementor-widget-container\">\n\t\t\t\t\t<div class=\"elementor-wrapper elementor-fit-aspect-ratio elementor-open-inline\">\n\t\t\t<div class=\"elementor-video\"><\/div>\t\t<\/div>\n\t\t\t\t<\/div>\n\t\t\t\t<\/div>\n\t\t\t\t\t<\/div>\n\t\t<\/div>\n\t\t\t\t<div class=\"elementor-column elementor-col-33 elementor-top-column elementor-element elementor-element-9dece77\" data-id=\"9dece77\" data-element_type=\"column\">\n\t\t\t<div class=\"elementor-widget-wrap elementor-element-populated\">\n\t\t\t\t\t\t\t\t<div class=\"elementor-element elementor-element-1ceaa2c elementor-aspect-ratio-169 elementor-widget elementor-widget-video\" data-id=\"1ceaa2c\" data-element_type=\"widget\" data-settings=\"{&quot;youtube_url&quot;:&quot;https:\\\/\\\/www.youtube.com\\\/watch?v=v-7Zf-IxHrE&quot;,&quot;video_type&quot;:&quot;youtube&quot;,&quot;controls&quot;:&quot;yes&quot;,&quot;aspect_ratio&quot;:&quot;169&quot;}\" data-widget_type=\"video.default\">\n\t\t\t\t<div class=\"elementor-widget-container\">\n\t\t\t\t\t<div class=\"elementor-wrapper elementor-fit-aspect-ratio elementor-open-inline\">\n\t\t\t<div class=\"elementor-video\"><\/div>\t\t<\/div>\n\t\t\t\t<\/div>\n\t\t\t\t<\/div>\n\t\t\t\t\t<\/div>\n\t\t<\/div>\n\t\t\t\t\t\t\t<\/div>\n\t\t<\/section>\n\t\t\t\t\t\t\t<\/div>","protected":false},"excerpt":{"rendered":"<p>STEALTHBITS Stealthbits&nbsp;veri&nbsp;g\u00fcvenli\u011fi&nbsp;i\u00e7in&nbsp;bir&nbsp;yaz\u0131l\u0131m&nbsp;\u00fcreticisidir.&nbsp;\u015eirket&nbsp;hassas&nbsp;verilerinin&nbsp;g\u00fcvenli\u011fine&nbsp;odaklan\u0131r&nbsp;ve&nbsp;y\u00f6netimini&nbsp;sa\u011flar,&nbsp;kimlik&nbsp;bilgisi&nbsp;k\u00f6t\u00fcye&nbsp;kullan\u0131m\u0131ndan&nbsp;korur&nbsp;ve&nbsp;veri&nbsp;eri\u015fimini&nbsp;kontrol&nbsp;eder.&nbsp; Stealthbits&nbsp;\u00e7\u00f6z\u00fcmleri&nbsp;a\u015fa\u011f\u0131daki&nbsp;\u00fcr\u00fcnlerden&nbsp;olu\u015fmaktad\u0131r; Son derece do\u011fru ve hassas analitik motora dayanan StealthBits \u00e7\u00f6z\u00fcmleri, her zaman her t\u00fcrl\u00fc cihazdan sadece do\u011fru kullan\u0131c\u0131lar\u0131n do\u011fru veriye eri\u015fimini sa\u011flayarak, t\u00fcm kullan\u0131mlar\u0131n izlenebilmesi ve k\u00f6t\u00fcye&nbsp;kullan\u0131mlar\u0131n&nbsp;i\u015faretlenebilmesiyle&nbsp;kurumlara&nbsp;toplam&nbsp;g\u00f6r\u00fcn\u00fcrl\u00fck&nbsp;ve&nbsp;verileri&nbsp;\u00fczerinde&nbsp;kontrol&nbsp;hizmeti&nbsp;sunmaktad\u0131r.&nbsp; Yap\u0131land\u0131r\u0131lmam\u0131\u015f&nbsp;ve&nbsp;yar\u0131-yap\u0131land\u0131r\u0131lm\u0131\u015f&nbsp;veri&nbsp;y\u00f6netim,&nbsp;loglama,&nbsp;takip&nbsp;ve&nbsp;raporlama&nbsp;yaz\u0131l\u0131mlar\u0131n\u0131n&nbsp;liderlerindendir.&nbsp; https:\/\/www.youtube.com\/watch?v=jed76Juufwohttps:\/\/www.youtube.com\/watch?v=hWBlfS58K7Ahttps:\/\/www.youtube.com\/watch?v=v-7Zf-IxHrE<\/p>","protected":false},"author":1,"featured_media":0,"parent":498,"menu_order":0,"comment_status":"closed","ping_status":"closed","template":"","meta":{"om_disable_all_campaigns":false,"_mi_skip_tracking":false},"_links":{"self":[{"href":"http:\/\/www.cynoks.com.tr\/en\/wp-json\/wp\/v2\/pages\/565"}],"collection":[{"href":"http:\/\/www.cynoks.com.tr\/en\/wp-json\/wp\/v2\/pages"}],"about":[{"href":"http:\/\/www.cynoks.com.tr\/en\/wp-json\/wp\/v2\/types\/page"}],"author":[{"embeddable":true,"href":"http:\/\/www.cynoks.com.tr\/en\/wp-json\/wp\/v2\/users\/1"}],"replies":[{"embeddable":true,"href":"http:\/\/www.cynoks.com.tr\/en\/wp-json\/wp\/v2\/comments?post=565"}],"version-history":[{"count":14,"href":"http:\/\/www.cynoks.com.tr\/en\/wp-json\/wp\/v2\/pages\/565\/revisions"}],"predecessor-version":[{"id":3130,"href":"http:\/\/www.cynoks.com.tr\/en\/wp-json\/wp\/v2\/pages\/565\/revisions\/3130"}],"up":[{"embeddable":true,"href":"http:\/\/www.cynoks.com.tr\/en\/wp-json\/wp\/v2\/pages\/498"}],"wp:attachment":[{"href":"http:\/\/www.cynoks.com.tr\/en\/wp-json\/wp\/v2\/media?parent=565"}],"curies":[{"name":"wp","href":"https:\/\/api.w.org\/{rel}","templated":true}]}}